{"id":407,"date":"2025-03-17T19:16:08","date_gmt":"2025-03-17T17:16:08","guid":{"rendered":"https:\/\/www.siiriruokola.fi\/?page_id=407"},"modified":"2025-03-17T19:21:11","modified_gmt":"2025-03-17T17:21:11","slug":"yhteys","status":"publish","type":"page","link":"https:\/\/www.siiriruokola.fi\/index.php\/yhteys\/","title":{"rendered":"Yhteys"},"content":{"rendered":"\t\t<div data-elementor-type=\"wp-page\" data-elementor-id=\"407\" class=\"elementor elementor-407\" data-elementor-post-type=\"page\">\n\t\t\t\t<div class=\"elementor-element elementor-element-e392682 e-flex e-con-boxed e-con e-parent\" data-id=\"e392682\" data-element_type=\"container\" data-e-type=\"container\">\n\t\t\t\t\t<div class=\"e-con-inner\">\n\t\t\t\t<div class=\"elementor-element elementor-element-2f15ed0 elementor-widget elementor-widget-text-editor\" data-id=\"2f15ed0\" data-element_type=\"widget\" data-e-type=\"widget\" data-widget_type=\"text-editor.default\">\n\t\t\t\t<div class=\"elementor-widget-container\">\n\t\t\t\t\t\t\t\t\t<h1><strong>Ota yhteytt\u00e4!<\/strong><\/h1>\t\t\t\t\t\t\t\t<\/div>\n\t\t\t\t<\/div>\n\t\t\t\t\t<\/div>\n\t\t\t\t<\/div>\n\t\t<div class=\"elementor-element elementor-element-a2d7904 e-flex e-con-boxed e-con e-parent\" data-id=\"a2d7904\" data-element_type=\"container\" data-e-type=\"container\">\n\t\t\t\t\t<div class=\"e-con-inner\">\n\t\t<div class=\"elementor-element elementor-element-3e450b2 e-con-full e-flex e-con e-child\" data-id=\"3e450b2\" data-element_type=\"container\" data-e-type=\"container\">\n\t\t\t\t<div class=\"elementor-element elementor-element-b883d60 elementor-widget elementor-widget-image\" data-id=\"b883d60\" data-element_type=\"widget\" data-e-type=\"widget\" data-widget_type=\"image.default\">\n\t\t\t\t<div class=\"elementor-widget-container\">\n\t\t\t\t\t\t\t\t\t\t\t\t\t\t\t<img fetchpriority=\"high\" decoding=\"async\" width=\"1620\" height=\"1080\" src=\"https:\/\/www.siiriruokola.fi\/wp-content\/uploads\/2025\/03\/IMG_3056.jpeg\" class=\"attachment-full size-full wp-image-275\" alt=\"\" srcset=\"https:\/\/www.siiriruokola.fi\/wp-content\/uploads\/2025\/03\/IMG_3056.jpeg 1620w, https:\/\/www.siiriruokola.fi\/wp-content\/uploads\/2025\/03\/IMG_3056-300x200.jpeg 300w, https:\/\/www.siiriruokola.fi\/wp-content\/uploads\/2025\/03\/IMG_3056-1024x683.jpeg 1024w, https:\/\/www.siiriruokola.fi\/wp-content\/uploads\/2025\/03\/IMG_3056-768x512.jpeg 768w, https:\/\/www.siiriruokola.fi\/wp-content\/uploads\/2025\/03\/IMG_3056-1536x1024.jpeg 1536w\" sizes=\"(max-width: 1620px) 100vw, 1620px\" \/>\t\t\t\t\t\t\t\t\t\t\t\t\t\t\t<\/div>\n\t\t\t\t<\/div>\n\t\t\t\t<\/div>\n\t\t<div class=\"elementor-element elementor-element-97ffc21 e-con-full e-flex e-con e-child\" data-id=\"97ffc21\" data-element_type=\"container\" data-e-type=\"container\">\n\t\t\t\t<div class=\"elementor-element elementor-element-483a00e elementor-widget elementor-widget-text-editor\" data-id=\"483a00e\" data-element_type=\"widget\" data-e-type=\"widget\" data-widget_type=\"text-editor.default\">\n\t\t\t\t<div class=\"elementor-widget-container\">\n\t\t\t\t\t\t\t\t\t<p><strong><span style=\"color: #5a5a5a; font-family: Lora, serif;\">Vaihdan mielell\u00e4ni ajatuksia, laita viesti\u00e4!<\/span><\/strong><\/p><p><span style=\"color: #5a5a5a; font-family: Lora, serif;\"><strong>S\u00e4hk\u00f6posti:<\/strong> siiri.ruokola@gmail.com<br \/><strong>Facebook:<\/strong> @siirirukola<br \/><strong>Instagram:<\/strong> @siiiriruokola<\/span><\/p><p>\u00a0<\/p>\t\t\t\t\t\t\t\t<\/div>\n\t\t\t\t<\/div>\n\t\t\t\t<\/div>\n\t\t\t\t\t<\/div>\n\t\t\t\t<\/div>\n\t\t\t\t<\/div>\n\t\t","protected":false},"excerpt":{"rendered":"<p>Ota yhteytt\u00e4! Vaihdan mielell\u00e4ni ajatuksia, laita viesti\u00e4! S\u00e4hk\u00f6posti: siiri.ruokola@gmail.comFacebook: @siirirukolaInstagram: @siiiriruokola \u00a0<\/p>\n","protected":false},"author":2,"featured_media":0,"parent":0,"menu_order":0,"comment_status":"closed","ping_status":"closed","template":"elementor_header_footer","meta":{"generate_page_header":"","footnotes":""},"class_list":["post-407","page","type-page","status-publish"],"_links":{"self":[{"href":"https:\/\/www.siiriruokola.fi\/index.php\/wp-json\/wp\/v2\/pages\/407","targetHints":{"allow":["GET"]}}],"collection":[{"href":"https:\/\/www.siiriruokola.fi\/index.php\/wp-json\/wp\/v2\/pages"}],"about":[{"href":"https:\/\/www.siiriruokola.fi\/index.php\/wp-json\/wp\/v2\/types\/page"}],"author":[{"embeddable":true,"href":"https:\/\/www.siiriruokola.fi\/index.php\/wp-json\/wp\/v2\/users\/2"}],"replies":[{"embeddable":true,"href":"https:\/\/www.siiriruokola.fi\/index.php\/wp-json\/wp\/v2\/comments?post=407"}],"version-history":[{"count":7,"href":"https:\/\/www.siiriruokola.fi\/index.php\/wp-json\/wp\/v2\/pages\/407\/revisions"}],"predecessor-version":[{"id":415,"href":"https:\/\/www.siiriruokola.fi\/index.php\/wp-json\/wp\/v2\/pages\/407\/revisions\/415"}],"wp:attachment":[{"href":"https:\/\/www.siiriruokola.fi\/index.php\/wp-json\/wp\/v2\/media?parent=407"}],"curies":[{"name":"wp","href":"https:\/\/api.w.org\/{rel}","templated":true}]}}